{"id":3,"date":"2023-01-28T16:29:56","date_gmt":"2023-01-28T15:29:56","guid":{"rendered":"https:\/\/labastidedeboulbon.com\/?page_id=3"},"modified":"2023-06-14T15:40:24","modified_gmt":"2023-06-14T13:40:24","slug":"mentions-legales","status":"publish","type":"page","link":"https:\/\/labastidedeboulbon.com\/de\/mentions-legales\/","title":{"rendered":"Mentions l\u00e9gales et confidentialit\u00e9"},"content":{"rendered":"<h2 class=\"wp-block-heading\">Editeur du site<\/h2>\n\n\n\n<p><a href=\"https:\/\/labastidedeboulbon.com\/de\/\">H\u00f4tel La Bastide de Boulbon &#8211; Provence<\/a><br>1, chemin de la L\u00f4ne<br>13150 Boulbon<br><br>T\u00e9l. : +33 4 90 93 11 11<br>Adresse mail : contact@labastidedeboulbon.com<br>SAS au capital de 10 000\u20ac<br>Repr\u00e9sent\u00e9e par St\u00e9phane Coisne<br>Directrice de la publication : Sylvie Faurel Coisne<br>Siret : 889\u00a0172\u00a0862 00019<\/p>\n\n\n\n<div style=\"height:60px\" aria-hidden=\"true\" class=\"wp-block-spacer\"><\/div>\n\n\n\n<h2 class=\"wp-block-heading\">H\u00e9bergeur<\/h2>\n\n\n\n<p>Ce site est h\u00e9berg\u00e9 par la soci\u00e9t\u00e9 IKOULA NET<br>SARL au capital de 181 260\u20ac<br>RCS&nbsp;: Paris B 417&nbsp;680&nbsp;618<br>SIRET&nbsp;: 510 909 80700024<br>TVA&nbsp;: FR37417680618<br><\/p>\n\n\n\n<div style=\"height:60px\" aria-hidden=\"true\" class=\"wp-block-spacer\"><\/div>\n\n\n\n<h2 class=\"wp-block-heading\"><strong>Protections des donn\u00e9es personnelles des clients<\/strong><\/h2>\n\n\n\n<p>Ce site comporte trois parties principales : <\/p>\n\n\n\n<ol class=\"wp-block-list\">\n<li>La partie informationnelle <\/li>\n\n\n\n<li>Le formulaire de contact<\/li>\n\n\n\n<li>La partie r\u00e9servation.<\/li>\n<\/ol>\n\n\n\n<p><br>1. Ce site n&rsquo;utilise pas de cookies en ce qui concerne sa partie informationnelle.<\/p>\n\n\n\n<p>2. Les mails transmis via le formulaire ne sont pas stock\u00e9s dans la base de donn\u00e9es du site. Comme pour les e-mails envoy\u00e9s directement \u00e0 notre adresse, les e-mails obtenus via le formulaire sont utilis\u00e9s uniquement pour r\u00e9pondre \u00e0 la demande explicite formul\u00e9e par l&rsquo;internaute. <\/p>\n\n\n\n<p>L&rsquo;e-mail est alors conserv\u00e9 au maximum pendant 2 ans. Les adresses mail ainsi collect\u00e9es ne sont ni vendues ni c\u00e9d\u00e9es gratuitement \u00e0 un tiers. <\/p>\n\n\n\n<p>3. La partie r\u00e9servation en ligne est g\u00e9r\u00e9e par le syst\u00e8me Elloha qui mentionne <a href=\"https:\/\/www.elloha.com\/mentions-legales\" target=\"_blank\" rel=\"noreferrer noopener\">sa propre politique de confidentialit\u00e9<\/a>.<\/p>\n\n\n\n<p>Dans le cadre de la rectification des donn\u00e9es personnelles, vous pouvez demander \u00e0 tout moment \u00e0 \u00ab\u00a0La Bastide de Boulbon\u00a0\u00bb de rectifier ou supprimer les donn\u00e9es personnelles communiqu\u00e9es par mail.<\/p>\n\n\n\n<p>Selon l&rsquo;article L.\u00a0223-2 du code de la consommation, il est rappel\u00e9 que le consommateur peut user de son droit \u00e0 s&rsquo;inscrire sur la liste d&rsquo;opposition au d\u00e9marchage t\u00e9l\u00e9phonique bloctel : bloctel.gouv.fr<\/p>\n\n\n\n<p>Pour r\u00e9gler vos litiges, dans un premier temps, vous devez nous adresser une r\u00e9clamation \u00e9crite \u00e0 La Bastide de Boulbon, 1 chemin de la L\u00f4ne, 13150 Boulbon (France).<br><br>Un mois apr\u00e8s, si vous n&rsquo;obtenez pas satisfaction, vous pouvez vous adresser au service de m\u00e9diation MEDICYS simplement et gratuitement par voie \u00e9lectronique en d\u00e9posant votre dossier sur www.medicys-consommation.fr ou par courrier simple (joindre votre e-mail, votre t\u00e9l\u00e9phone et la r\u00e9clamation \u00e9crite) \u00e0 :<br>MEDICYS<br>73 boulevard de Clichy<br>75009 Paris.<\/p>\n\n\n\n<p><\/p>\n\n\n\n<div style=\"height:60px\" aria-hidden=\"true\" class=\"wp-block-spacer\"><\/div>","protected":false},"excerpt":{"rendered":"<p>Mentions l\u00e9gales de la Bastide de Boulbon<\/p>","protected":false},"author":1,"featured_media":351,"parent":0,"menu_order":0,"comment_status":"closed","ping_status":"open","template":"page.php","meta":{"_acf_changed":false,"footnotes":""},"class_list":["post-3","page","type-page","status-publish","has-post-thumbnail","hentry"],"acf":[],"_links":{"self":[{"href":"https:\/\/labastidedeboulbon.com\/de\/wp-json\/wp\/v2\/pages\/3","targetHints":{"allow":["GET"]}}],"collection":[{"href":"https:\/\/labastidedeboulbon.com\/de\/wp-json\/wp\/v2\/pages"}],"about":[{"href":"https:\/\/labastidedeboulbon.com\/de\/wp-json\/wp\/v2\/types\/page"}],"author":[{"embeddable":true,"href":"https:\/\/labastidedeboulbon.com\/de\/wp-json\/wp\/v2\/users\/1"}],"replies":[{"embeddable":true,"href":"https:\/\/labastidedeboulbon.com\/de\/wp-json\/wp\/v2\/comments?post=3"}],"version-history":[{"count":4,"href":"https:\/\/labastidedeboulbon.com\/de\/wp-json\/wp\/v2\/pages\/3\/revisions"}],"predecessor-version":[{"id":490,"href":"https:\/\/labastidedeboulbon.com\/de\/wp-json\/wp\/v2\/pages\/3\/revisions\/490"}],"wp:featuredmedia":[{"embeddable":true,"href":"https:\/\/labastidedeboulbon.com\/de\/wp-json\/wp\/v2\/media\/351"}],"wp:attachment":[{"href":"https:\/\/labastidedeboulbon.com\/de\/wp-json\/wp\/v2\/media?parent=3"}],"curies":[{"name":"wp","href":"https:\/\/api.w.org\/{rel}","templated":true}]}}