{"id":330,"date":"2023-03-12T21:58:54","date_gmt":"2023-03-12T20:58:54","guid":{"rendered":"https:\/\/labastidedeboulbon.com\/?page_id=330"},"modified":"2023-06-15T11:40:17","modified_gmt":"2023-06-15T09:40:17","slug":"reserver-la-bastide-de-boulbon","status":"publish","type":"page","link":"https:\/\/labastidedeboulbon.com\/de\/reserver-la-bastide-de-boulbon\/","title":{"rendered":"Reservieren"},"content":{"rendered":"","protected":false},"excerpt":{"rendered":"<p>R\u00e9servez votre chambre \u00e0 l&rsquo;h\u00f4tel de La Bastide de Boulbon au meilleur prix gr\u00e2ce \u00e0 Elloha<\/p>","protected":false},"author":1,"featured_media":332,"parent":0,"menu_order":0,"comment_status":"closed","ping_status":"closed","template":"page-reserver.php","meta":{"_acf_changed":false,"footnotes":""},"class_list":["post-330","page","type-page","status-publish","has-post-thumbnail","hentry"],"acf":[],"_links":{"self":[{"href":"https:\/\/labastidedeboulbon.com\/de\/wp-json\/wp\/v2\/pages\/330","targetHints":{"allow":["GET"]}}],"collection":[{"href":"https:\/\/labastidedeboulbon.com\/de\/wp-json\/wp\/v2\/pages"}],"about":[{"href":"https:\/\/labastidedeboulbon.com\/de\/wp-json\/wp\/v2\/types\/page"}],"author":[{"embeddable":true,"href":"https:\/\/labastidedeboulbon.com\/de\/wp-json\/wp\/v2\/users\/1"}],"replies":[{"embeddable":true,"href":"https:\/\/labastidedeboulbon.com\/de\/wp-json\/wp\/v2\/comments?post=330"}],"version-history":[{"count":5,"href":"https:\/\/labastidedeboulbon.com\/de\/wp-json\/wp\/v2\/pages\/330\/revisions"}],"predecessor-version":[{"id":503,"href":"https:\/\/labastidedeboulbon.com\/de\/wp-json\/wp\/v2\/pages\/330\/revisions\/503"}],"wp:featuredmedia":[{"embeddable":true,"href":"https:\/\/labastidedeboulbon.com\/de\/wp-json\/wp\/v2\/media\/332"}],"wp:attachment":[{"href":"https:\/\/labastidedeboulbon.com\/de\/wp-json\/wp\/v2\/media?parent=330"}],"curies":[{"name":"wp","href":"https:\/\/api.w.org\/{rel}","templated":true}]}}