{"id":71,"date":"2023-02-26T00:13:41","date_gmt":"2023-02-25T23:13:41","guid":{"rendered":"https:\/\/labastidedeboulbon.com\/?page_id=71"},"modified":"2023-06-26T17:24:56","modified_gmt":"2023-06-26T15:24:56","slug":"la-bastide-de-boulbon","status":"publish","type":"page","link":"https:\/\/labastidedeboulbon.com\/de\/la-bastide-de-boulbon\/","title":{"rendered":"H\u00f4tel la Bastide de Boulbon"},"content":{"rendered":"","protected":false},"excerpt":{"rendered":"<p>Pr\u00e9sentation de l&rsquo;h\u00f4tel de La Bastide de Boulbon : galerie photo, localisation, infos pratiques et \u00e9quipements sur place<\/p>","protected":false},"author":1,"featured_media":179,"parent":0,"menu_order":0,"comment_status":"closed","ping_status":"closed","template":"page-labastide.php","meta":{"_acf_changed":false,"footnotes":""},"class_list":["post-71","page","type-page","status-publish","has-post-thumbnail","hentry"],"acf":[],"_links":{"self":[{"href":"https:\/\/labastidedeboulbon.com\/de\/wp-json\/wp\/v2\/pages\/71","targetHints":{"allow":["GET"]}}],"collection":[{"href":"https:\/\/labastidedeboulbon.com\/de\/wp-json\/wp\/v2\/pages"}],"about":[{"href":"https:\/\/labastidedeboulbon.com\/de\/wp-json\/wp\/v2\/types\/page"}],"author":[{"embeddable":true,"href":"https:\/\/labastidedeboulbon.com\/de\/wp-json\/wp\/v2\/users\/1"}],"replies":[{"embeddable":true,"href":"https:\/\/labastidedeboulbon.com\/de\/wp-json\/wp\/v2\/comments?post=71"}],"version-history":[{"count":23,"href":"https:\/\/labastidedeboulbon.com\/de\/wp-json\/wp\/v2\/pages\/71\/revisions"}],"predecessor-version":[{"id":532,"href":"https:\/\/labastidedeboulbon.com\/de\/wp-json\/wp\/v2\/pages\/71\/revisions\/532"}],"wp:featuredmedia":[{"embeddable":true,"href":"https:\/\/labastidedeboulbon.com\/de\/wp-json\/wp\/v2\/media\/179"}],"wp:attachment":[{"href":"https:\/\/labastidedeboulbon.com\/de\/wp-json\/wp\/v2\/media?parent=71"}],"curies":[{"name":"wp","href":"https:\/\/api.w.org\/{rel}","templated":true}]}}