{"id":39,"date":"2023-02-17T17:35:19","date_gmt":"2023-02-17T16:35:19","guid":{"rendered":"https:\/\/labastidedeboulbon.com\/?page_id=39"},"modified":"2023-06-15T11:40:49","modified_gmt":"2023-06-15T09:40:49","slug":"les-chambres","status":"publish","type":"page","link":"https:\/\/labastidedeboulbon.com\/nl\/les-chambres\/","title":{"rendered":"De kamers"},"content":{"rendered":"","protected":false},"excerpt":{"rendered":"<p>Pr\u00e9sentation des 4 cat\u00e9gories de chambre propos\u00e9es \u00e0 l&rsquo;h\u00f4tel de La Bastide de Boulbon<\/p>","protected":false},"author":1,"featured_media":205,"parent":0,"menu_order":0,"comment_status":"closed","ping_status":"closed","template":"archive-rooms.php","meta":{"_acf_changed":false,"footnotes":""},"class_list":["post-39","page","type-page","status-publish","has-post-thumbnail","hentry"],"acf":[],"_links":{"self":[{"href":"https:\/\/labastidedeboulbon.com\/nl\/wp-json\/wp\/v2\/pages\/39","targetHints":{"allow":["GET"]}}],"collection":[{"href":"https:\/\/labastidedeboulbon.com\/nl\/wp-json\/wp\/v2\/pages"}],"about":[{"href":"https:\/\/labastidedeboulbon.com\/nl\/wp-json\/wp\/v2\/types\/page"}],"author":[{"embeddable":true,"href":"https:\/\/labastidedeboulbon.com\/nl\/wp-json\/wp\/v2\/users\/1"}],"replies":[{"embeddable":true,"href":"https:\/\/labastidedeboulbon.com\/nl\/wp-json\/wp\/v2\/comments?post=39"}],"version-history":[{"count":5,"href":"https:\/\/labastidedeboulbon.com\/nl\/wp-json\/wp\/v2\/pages\/39\/revisions"}],"predecessor-version":[{"id":1225,"href":"https:\/\/labastidedeboulbon.com\/nl\/wp-json\/wp\/v2\/pages\/39\/revisions\/1225"}],"wp:featuredmedia":[{"embeddable":true,"href":"https:\/\/labastidedeboulbon.com\/nl\/wp-json\/wp\/v2\/media\/205"}],"wp:attachment":[{"href":"https:\/\/labastidedeboulbon.com\/nl\/wp-json\/wp\/v2\/media?parent=39"}],"curies":[{"name":"wp","href":"https:\/\/api.w.org\/{rel}","templated":true}]}}